{"id":3735,"date":"2026-04-18T15:43:51","date_gmt":"2026-04-18T15:43:51","guid":{"rendered":"https:\/\/alecrimjasmim.pt\/?post_type=product&#038;p=3735"},"modified":"2026-04-18T16:41:33","modified_gmt":"2026-04-18T16:41:33","slug":"conjunto-fofo-limao","status":"publish","type":"product","link":"https:\/\/alecrimjasmim.pt\/en\/produto\/conjunto-fofo-limao\/","title":{"rendered":"Conjunto Fofo Lim\u00e3o"},"content":{"rendered":"<p data-path-to-node=\"11,0\">Descubra o requinte do Conjunto Fofo Lim\u00e3o da Alecrim Jasmim &#8211; BabyStory. Este conjunto de duas pe\u00e7as foi desenhado para oferecer o m\u00e1ximo conforto sem abdicar do estilo cl\u00e1ssico e intemporal.<\/p>\n<p data-path-to-node=\"11,1\"><b data-path-to-node=\"11,1\" data-index-in-node=\"0\">Detalhes do Produto:<\/b><\/p>\n<ul data-path-to-node=\"11,2\">\n<li>\n<p data-path-to-node=\"11,2,0,0\"><b data-path-to-node=\"11,2,0,0\" data-index-in-node=\"0\">Composi\u00e7\u00e3o:<\/b> 100% Algod\u00e3o de alta qualidade, proporcionando um toque extremamente suave e respir\u00e1vel.<\/p>\n<\/li>\n<li>\n<p data-path-to-node=\"11,2,1,0\"><b data-path-to-node=\"11,2,1,0\" data-index-in-node=\"0\">Design Pr\u00e1tico:<\/b> A blusa possui abertura total nas costas para facilitar o momento de vestir.<\/p>\n<\/li>\n<li>\n<p data-path-to-node=\"11,2,2,0\"><b data-path-to-node=\"11,2,2,0\" data-index-in-node=\"0\">Ajuste Perfeito:<\/b> O fofo inclui bot\u00f5es estrategicamente posicionados para uma abertura f\u00e1cil, contando ainda com uma extens\u00e3o de tecido para permitir o ajuste ou mudan\u00e7a do bot\u00e3o conforme o crescimento do beb\u00e9.<\/p>\n<\/li>\n<li>\n<p data-path-to-node=\"11,2,3,0\"><b data-path-to-node=\"11,2,3,0\" data-index-in-node=\"0\">Estilo:<\/b> Malha trabalhada com acabamentos de luxo, ideal para rec\u00e9m-nascidos e beb\u00e9s at\u00e9 aos 12 meses.<\/p>\n<\/li>\n<\/ul>\n<p data-path-to-node=\"11,3\">Garanta uma pe\u00e7a de qualidade impressionante para o enxoval do seu beb\u00e9, onde cada detalhe foi pensado para o bem-estar e liberdade de movimentos.<\/p>","protected":false},"excerpt":{"rendered":"<p>Fofo de beb\u00e9 composto por 2 pe\u00e7as premium: blusa e fofo em malha trabalhada.<br \/>\nDesign cl\u00e1ssico com detalhes de requinte, ideal para ocasi\u00f5es especiais ou um dia a dia elegante.<br \/>\n100% algod\u00e3o de alta qualidade para garantir a m\u00e1xima suavidade e conforto na pele do seu beb\u00e9.<\/p>","protected":false},"featured_media":3758,"template":"","meta":[],"product_brand":[],"product_cat":[180,87,204,89,198,176],"product_tag":[241],"class_list":{"0":"post-3735","1":"product","2":"type-product","3":"status-publish","4":"has-post-thumbnail","6":"product_cat-menina","7":"product_cat-conjuntos","8":"product_cat-conjuntos-menina","9":"product_cat-calcas-fofos","10":"product_cat-calcas-fofos-menina","11":"product_cat-novidades","12":"product_tag-colecao-primavera-verao","13":"pa_color-bege","14":"pa_color-laranja","15":"pa_color-lilas","16":"pa_color-rosa-seco","17":"pa_color-verde-agua","19":"first","20":"instock","21":"taxable","22":"shipping-taxable","23":"purchasable","24":"product-type-variable"},"jetpack_sharing_enabled":true,"_links":{"self":[{"href":"https:\/\/alecrimjasmim.pt\/en\/wp-json\/wp\/v2\/product\/3735","targetHints":{"allow":["GET"]}}],"collection":[{"href":"https:\/\/alecrimjasmim.pt\/en\/wp-json\/wp\/v2\/product"}],"about":[{"href":"https:\/\/alecrimjasmim.pt\/en\/wp-json\/wp\/v2\/types\/product"}],"version-history":[{"count":2,"href":"https:\/\/alecrimjasmim.pt\/en\/wp-json\/wp\/v2\/product\/3735\/revisions"}],"predecessor-version":[{"id":3786,"href":"https:\/\/alecrimjasmim.pt\/en\/wp-json\/wp\/v2\/product\/3735\/revisions\/3786"}],"wp:featuredmedia":[{"embeddable":true,"href":"https:\/\/alecrimjasmim.pt\/en\/wp-json\/wp\/v2\/media\/3758"}],"wp:attachment":[{"href":"https:\/\/alecrimjasmim.pt\/en\/wp-json\/wp\/v2\/media?parent=3735"}],"wp:term":[{"taxonomy":"product_brand","embeddable":true,"href":"https:\/\/alecrimjasmim.pt\/en\/wp-json\/wp\/v2\/product_brand?post=3735"},{"taxonomy":"product_cat","embeddable":true,"href":"https:\/\/alecrimjasmim.pt\/en\/wp-json\/wp\/v2\/product_cat?post=3735"},{"taxonomy":"product_tag","embeddable":true,"href":"https:\/\/alecrimjasmim.pt\/en\/wp-json\/wp\/v2\/product_tag?post=3735"}],"curies":[{"name":"wp","href":"https:\/\/api.w.org\/{rel}","templated":true}]}}