{"id":3025,"date":"2026-02-26T00:53:32","date_gmt":"2026-02-26T00:53:32","guid":{"rendered":"https:\/\/alecrimjasmim.pt\/?post_type=product&#038;p=3025"},"modified":"2026-03-31T23:09:02","modified_gmt":"2026-03-31T23:09:02","slug":"sandalias-em-croche","status":"publish","type":"product","link":"https:\/\/alecrimjasmim.pt\/es\/produto\/sandalias-em-croche\/","title":{"rendered":"Sand\u00e1lias em Croch\u00ea"},"content":{"rendered":"<p>Sapatinhos de beb\u00e9 feitos a m\u00e3o, confort\u00e1veis e delicados para os primeiros meses do beb\u00e9. Com um design cl\u00e1ssico e fecho com bot\u00e3o, s\u00e3o f\u00e1ceis de cal\u00e7ar e mant\u00eam-se bem ajustados ao p\u00e9. Dispon\u00edveis em v\u00e1rias cores suaves, perfeitos para completar qualquer conjunto com um toque elegante. \ud83d\udc76\ud83e\uddf6<\/p>","protected":false},"excerpt":{"rendered":"<p>Sapatinhos de beb\u00e9 feitos a m\u00e3o, confort\u00e1veis e delicados para os primeiros meses do beb\u00e9.<\/p>","protected":false},"featured_media":3026,"template":"","meta":[],"product_brand":[],"product_cat":[184],"product_tag":[],"class_list":{"0":"post-3025","1":"product","2":"type-product","3":"status-publish","4":"has-post-thumbnail","6":"product_cat-acessorios","7":"pa_color-azul-indigo","8":"pa_color-branco","9":"pa_color-perola","10":"pa_color-rosa-bebe","11":"pa_color-rosa-seco","12":"pa_color-verde","14":"first","15":"instock","16":"taxable","17":"shipping-taxable","18":"purchasable","19":"product-type-variable"},"jetpack_sharing_enabled":true,"_links":{"self":[{"href":"https:\/\/alecrimjasmim.pt\/es\/wp-json\/wp\/v2\/product\/3025","targetHints":{"allow":["GET"]}}],"collection":[{"href":"https:\/\/alecrimjasmim.pt\/es\/wp-json\/wp\/v2\/product"}],"about":[{"href":"https:\/\/alecrimjasmim.pt\/es\/wp-json\/wp\/v2\/types\/product"}],"version-history":[{"count":2,"href":"https:\/\/alecrimjasmim.pt\/es\/wp-json\/wp\/v2\/product\/3025\/revisions"}],"predecessor-version":[{"id":3168,"href":"https:\/\/alecrimjasmim.pt\/es\/wp-json\/wp\/v2\/product\/3025\/revisions\/3168"}],"wp:featuredmedia":[{"embeddable":true,"href":"https:\/\/alecrimjasmim.pt\/es\/wp-json\/wp\/v2\/media\/3026"}],"wp:attachment":[{"href":"https:\/\/alecrimjasmim.pt\/es\/wp-json\/wp\/v2\/media?parent=3025"}],"wp:term":[{"taxonomy":"product_brand","embeddable":true,"href":"https:\/\/alecrimjasmim.pt\/es\/wp-json\/wp\/v2\/product_brand?post=3025"},{"taxonomy":"product_cat","embeddable":true,"href":"https:\/\/alecrimjasmim.pt\/es\/wp-json\/wp\/v2\/product_cat?post=3025"},{"taxonomy":"product_tag","embeddable":true,"href":"https:\/\/alecrimjasmim.pt\/es\/wp-json\/wp\/v2\/product_tag?post=3025"}],"curies":[{"name":"wp","href":"https:\/\/api.w.org\/{rel}","templated":true}]}}