{"id":3036,"date":"2026-02-26T01:02:08","date_gmt":"2026-02-26T01:02:08","guid":{"rendered":"https:\/\/alecrimjasmim.pt\/?post_type=product&#038;p=3036"},"modified":"2026-04-06T15:27:36","modified_gmt":"2026-04-06T15:27:36","slug":"sandalias-croche","status":"publish","type":"product","link":"https:\/\/alecrimjasmim.pt\/es\/produto\/sandalias-croche\/","title":{"rendered":"Sand\u00e1lias em Croch\u00ea"},"content":{"rendered":"<p>Sand\u00e1lias em Croch\u00ea<\/p>","protected":false},"excerpt":{"rendered":"<p>Sand\u00e1lias em Croch\u00ea<\/p>","protected":false},"featured_media":3037,"template":"","meta":[],"product_brand":[],"product_cat":[238],"product_tag":[],"class_list":{"0":"post-3036","1":"product","2":"type-product","3":"status-publish","4":"has-post-thumbnail","6":"product_cat-sapatilhas-sandalias","7":"pa_cor-bege","8":"pa_cor-branco","9":"pa_cor-coral","10":"pa_cor-rosa-bebe","11":"pa_cor-rosa-seco","12":"pa_cor-verde","14":"first","15":"instock","16":"taxable","17":"shipping-taxable","18":"purchasable","19":"product-type-variable"},"jetpack_sharing_enabled":true,"_links":{"self":[{"href":"https:\/\/alecrimjasmim.pt\/es\/wp-json\/wp\/v2\/product\/3036","targetHints":{"allow":["GET"]}}],"collection":[{"href":"https:\/\/alecrimjasmim.pt\/es\/wp-json\/wp\/v2\/product"}],"about":[{"href":"https:\/\/alecrimjasmim.pt\/es\/wp-json\/wp\/v2\/types\/product"}],"version-history":[{"count":3,"href":"https:\/\/alecrimjasmim.pt\/es\/wp-json\/wp\/v2\/product\/3036\/revisions"}],"predecessor-version":[{"id":3438,"href":"https:\/\/alecrimjasmim.pt\/es\/wp-json\/wp\/v2\/product\/3036\/revisions\/3438"}],"wp:featuredmedia":[{"embeddable":true,"href":"https:\/\/alecrimjasmim.pt\/es\/wp-json\/wp\/v2\/media\/3037"}],"wp:attachment":[{"href":"https:\/\/alecrimjasmim.pt\/es\/wp-json\/wp\/v2\/media?parent=3036"}],"wp:term":[{"taxonomy":"product_brand","embeddable":true,"href":"https:\/\/alecrimjasmim.pt\/es\/wp-json\/wp\/v2\/product_brand?post=3036"},{"taxonomy":"product_cat","embeddable":true,"href":"https:\/\/alecrimjasmim.pt\/es\/wp-json\/wp\/v2\/product_cat?post=3036"},{"taxonomy":"product_tag","embeddable":true,"href":"https:\/\/alecrimjasmim.pt\/es\/wp-json\/wp\/v2\/product_tag?post=3036"}],"curies":[{"name":"wp","href":"https:\/\/api.w.org\/{rel}","templated":true}]}}