{"id":2037,"date":"2026-02-02T15:47:34","date_gmt":"2026-02-02T15:47:34","guid":{"rendered":"https:\/\/dev.alecrimjasmim.pt\/?post_type=product&#038;p=2037"},"modified":"2026-03-08T16:25:33","modified_gmt":"2026-03-08T16:25:33","slug":"conjunto-bebe-babybol-2-pecas-bb-160406-100-organic","status":"publish","type":"product","link":"https:\/\/alecrimjasmim.pt\/fr\/produto\/conjunto-bebe-babybol-2-pecas-bb-160406-100-organic\/","title":{"rendered":"Conjunto Coala 100% Algod\u00e3o Org\u00e2nico"},"content":{"rendered":"<p>Conjunto super fofo e confort\u00e1vel para os primeiros meses do beb\u00e9. A camisola com padr\u00e3o de koalas em azul suave e folhinhas em bege combina na perfei\u00e7\u00e3o com a cal\u00e7a lisa azul clarinho. Um look delicado, neutro e ideal para o dia a dia.<\/p>\n<div>Mais detalhes:<\/div>\n<ul>\n<li>Camisola com abertura frontal e molas (pr\u00e1tico para vestir)<\/li>\n<li>Manga comprida<\/li>\n<li>Cal\u00e7a com cintura el\u00e1stica confort\u00e1vel<\/li>\n<li>Toque macio e respir\u00e1vel<\/li>\n<li>Estilo unissexo<\/li>\n<li>Ideal para meia-esta\u00e7\u00e3o e dias mais frescos<\/li>\n<\/ul>\n<p>100% algod\u00e3o org\u00e2nico<\/p>","protected":false},"excerpt":{"rendered":"<p>Conjunto super fofo e confort\u00e1vel para os primeiros meses do beb\u00e9.<\/p>","protected":false},"featured_media":3080,"template":"","meta":[],"product_brand":[],"product_cat":[178,87,202,182,176],"product_tag":[241],"class_list":{"0":"post-2037","1":"product","2":"type-product","3":"status-publish","4":"has-post-thumbnail","6":"product_cat-menino","7":"product_cat-conjuntos","8":"product_cat-conjuntos-menino","9":"product_cat-maternidade","10":"product_cat-novidades","11":"product_tag-colecao-primavera-verao","13":"first","14":"instock","15":"featured","16":"taxable","17":"shipping-taxable","18":"purchasable","19":"product-type-variable"},"jetpack_sharing_enabled":true,"_links":{"self":[{"href":"https:\/\/alecrimjasmim.pt\/fr\/wp-json\/wp\/v2\/product\/2037","targetHints":{"allow":["GET"]}}],"collection":[{"href":"https:\/\/alecrimjasmim.pt\/fr\/wp-json\/wp\/v2\/product"}],"about":[{"href":"https:\/\/alecrimjasmim.pt\/fr\/wp-json\/wp\/v2\/types\/product"}],"version-history":[{"count":3,"href":"https:\/\/alecrimjasmim.pt\/fr\/wp-json\/wp\/v2\/product\/2037\/revisions"}],"predecessor-version":[{"id":3082,"href":"https:\/\/alecrimjasmim.pt\/fr\/wp-json\/wp\/v2\/product\/2037\/revisions\/3082"}],"wp:featuredmedia":[{"embeddable":true,"href":"https:\/\/alecrimjasmim.pt\/fr\/wp-json\/wp\/v2\/media\/3080"}],"wp:attachment":[{"href":"https:\/\/alecrimjasmim.pt\/fr\/wp-json\/wp\/v2\/media?parent=2037"}],"wp:term":[{"taxonomy":"product_brand","embeddable":true,"href":"https:\/\/alecrimjasmim.pt\/fr\/wp-json\/wp\/v2\/product_brand?post=2037"},{"taxonomy":"product_cat","embeddable":true,"href":"https:\/\/alecrimjasmim.pt\/fr\/wp-json\/wp\/v2\/product_cat?post=2037"},{"taxonomy":"product_tag","embeddable":true,"href":"https:\/\/alecrimjasmim.pt\/fr\/wp-json\/wp\/v2\/product_tag?post=2037"}],"curies":[{"name":"wp","href":"https:\/\/api.w.org\/{rel}","templated":true}]}}