{"id":2986,"date":"2026-02-23T23:41:11","date_gmt":"2026-02-23T23:41:11","guid":{"rendered":"https:\/\/alecrimjasmim.pt\/?post_type=product&#038;p=2986"},"modified":"2026-03-31T23:10:07","modified_gmt":"2026-03-31T23:10:07","slug":"conjunto-pipoca","status":"publish","type":"product","link":"https:\/\/alecrimjasmim.pt\/fr\/produto\/conjunto-pipoca\/","title":{"rendered":"Conjunto Pipoca"},"content":{"rendered":"<p>Delicadeza e conforto em cada detalhe. Este lindo conjunto em algod\u00e3o para beb\u00ea \u00e9 perfeito para compor looks encantadores e aconchegantes nos primeiros meses de vida.<\/p>\n<p>&nbsp;<\/p>\n<p>\u00c9 composto por macac\u00e3o de manga comprida com abertura frontal em bot\u00f5es, que facilita na hora de vestir e trocar fralda, al\u00e9m de garantir praticidade no dia a dia.<\/p>\n<p>O design \u00e9 enriquecido com delicadas bolinhas em relevo (po\u00e1s) que trazem charme e um toque sofisticado \u00e0 pe\u00e7a.<\/p>\n<p>&nbsp;<\/p>\n<p>Marca: Madel<\/p>","protected":false},"excerpt":{"rendered":"<p>Delicadeza e conforto em cada detalhe. Este lindo conjunto em algod\u00e3o para beb\u00ea \u00e9 perfeito para compor looks encantadores e aconchegantes nos primeiros meses de vida. Composto composto por macac\u00e3o, botinhas e gorro.<\/p>\n<p>* Body n\u00e3o inclu\u00eddo.<\/p>","protected":false},"featured_media":3001,"template":"","meta":[],"product_brand":[],"product_cat":[180,178,87,204,202,176],"product_tag":[],"class_list":{"0":"post-2986","1":"product","2":"type-product","3":"status-publish","4":"has-post-thumbnail","6":"product_cat-menina","7":"product_cat-menino","8":"product_cat-conjuntos","9":"product_cat-conjuntos-menina","10":"product_cat-conjuntos-menino","11":"product_cat-novidades","12":"pa_cor-azul","13":"pa_cor-bege","14":"pa_cor-rosa-seco","15":"pa_cor-verde","17":"first","18":"instock","19":"taxable","20":"shipping-taxable","21":"purchasable","22":"product-type-variable"},"jetpack_sharing_enabled":true,"_links":{"self":[{"href":"https:\/\/alecrimjasmim.pt\/fr\/wp-json\/wp\/v2\/product\/2986","targetHints":{"allow":["GET"]}}],"collection":[{"href":"https:\/\/alecrimjasmim.pt\/fr\/wp-json\/wp\/v2\/product"}],"about":[{"href":"https:\/\/alecrimjasmim.pt\/fr\/wp-json\/wp\/v2\/types\/product"}],"version-history":[{"count":7,"href":"https:\/\/alecrimjasmim.pt\/fr\/wp-json\/wp\/v2\/product\/2986\/revisions"}],"predecessor-version":[{"id":3363,"href":"https:\/\/alecrimjasmim.pt\/fr\/wp-json\/wp\/v2\/product\/2986\/revisions\/3363"}],"wp:featuredmedia":[{"embeddable":true,"href":"https:\/\/alecrimjasmim.pt\/fr\/wp-json\/wp\/v2\/media\/3001"}],"wp:attachment":[{"href":"https:\/\/alecrimjasmim.pt\/fr\/wp-json\/wp\/v2\/media?parent=2986"}],"wp:term":[{"taxonomy":"product_brand","embeddable":true,"href":"https:\/\/alecrimjasmim.pt\/fr\/wp-json\/wp\/v2\/product_brand?post=2986"},{"taxonomy":"product_cat","embeddable":true,"href":"https:\/\/alecrimjasmim.pt\/fr\/wp-json\/wp\/v2\/product_cat?post=2986"},{"taxonomy":"product_tag","embeddable":true,"href":"https:\/\/alecrimjasmim.pt\/fr\/wp-json\/wp\/v2\/product_tag?post=2986"}],"curies":[{"name":"wp","href":"https:\/\/api.w.org\/{rel}","templated":true}]}}