{"id":3440,"date":"2026-04-01T22:29:32","date_gmt":"2026-04-01T22:29:32","guid":{"rendered":"https:\/\/alecrimjasmim.pt\/?post_type=product&#038;p=3440"},"modified":"2026-04-01T22:47:00","modified_gmt":"2026-04-01T22:47:00","slug":"macacao-recem-nascido-algodao-luna","status":"publish","type":"product","link":"https:\/\/alecrimjasmim.pt\/fr\/produto\/macacao-recem-nascido-algodao-luna\/","title":{"rendered":"Macac\u00e3o Luna para Rec\u00e9m-Nascido em Algod\u00e3o \u2013 Rosa e Bege"},"content":{"rendered":"<p>Macac\u00e3o de beb\u00ea em malha de algod\u00e3o na cor bege, rosa beb\u00e9 e rosa seco, perfeito para o dia a dia ou ocasi\u00f5es especiais. O macac\u00e3o possui detalhes delicados em renda, gola com folho e pequenos la\u00e7os frontais, trazendo um toque cl\u00e1ssico e encantador.<\/p>\n<p>Acompanha com touca.<\/p>\n<p>Pode juntar ao seu conjunto, sapatinhos a combinar e fita, formando um look completo e aconchegante para o beb\u00ea.<\/p>","protected":false},"excerpt":{"rendered":"<p>Macac\u00e3o de beb\u00ea em algod\u00e3o na cor bege, perfeito para o dia a dia ou ocasi\u00f5es especiais. O macac\u00e3o possui detalhes delicados em renda, gola com folho e pequenos la\u00e7os frontais, trazendo um toque cl\u00e1ssico e encantador.<\/p>","protected":false},"featured_media":3448,"template":"","meta":[],"product_brand":[],"product_cat":[180,87,204,176],"product_tag":[],"class_list":{"0":"post-3440","1":"product","2":"type-product","3":"status-publish","4":"has-post-thumbnail","6":"product_cat-menina","7":"product_cat-conjuntos","8":"product_cat-conjuntos-menina","9":"product_cat-novidades","10":"pa_cor-bege","11":"pa_cor-rosa-bebe","12":"pa_cor-rosa-seco","14":"first","15":"instock","16":"taxable","17":"shipping-taxable","18":"purchasable","19":"product-type-variable"},"jetpack_sharing_enabled":true,"_links":{"self":[{"href":"https:\/\/alecrimjasmim.pt\/fr\/wp-json\/wp\/v2\/product\/3440","targetHints":{"allow":["GET"]}}],"collection":[{"href":"https:\/\/alecrimjasmim.pt\/fr\/wp-json\/wp\/v2\/product"}],"about":[{"href":"https:\/\/alecrimjasmim.pt\/fr\/wp-json\/wp\/v2\/types\/product"}],"version-history":[{"count":3,"href":"https:\/\/alecrimjasmim.pt\/fr\/wp-json\/wp\/v2\/product\/3440\/revisions"}],"predecessor-version":[{"id":3457,"href":"https:\/\/alecrimjasmim.pt\/fr\/wp-json\/wp\/v2\/product\/3440\/revisions\/3457"}],"wp:featuredmedia":[{"embeddable":true,"href":"https:\/\/alecrimjasmim.pt\/fr\/wp-json\/wp\/v2\/media\/3448"}],"wp:attachment":[{"href":"https:\/\/alecrimjasmim.pt\/fr\/wp-json\/wp\/v2\/media?parent=3440"}],"wp:term":[{"taxonomy":"product_brand","embeddable":true,"href":"https:\/\/alecrimjasmim.pt\/fr\/wp-json\/wp\/v2\/product_brand?post=3440"},{"taxonomy":"product_cat","embeddable":true,"href":"https:\/\/alecrimjasmim.pt\/fr\/wp-json\/wp\/v2\/product_cat?post=3440"},{"taxonomy":"product_tag","embeddable":true,"href":"https:\/\/alecrimjasmim.pt\/fr\/wp-json\/wp\/v2\/product_tag?post=3440"}],"curies":[{"name":"wp","href":"https:\/\/api.w.org\/{rel}","templated":true}]}}